{"id":1016,"date":"2018-06-04T14:21:59","date_gmt":"2018-06-04T12:21:59","guid":{"rendered":"https:\/\/agenceyouareme.com\/que-sommes-nous\/"},"modified":"2023-11-16T20:46:29","modified_gmt":"2023-11-16T19:46:29","slug":"que-somos","status":"publish","type":"page","link":"https:\/\/agenceyouareme.com\/es\/que-somos\/","title":{"rendered":"\u00bfQue somos?"},"content":{"rendered":"\n<style type=\"text\/css\" data-created_by=\"avia_inline_auto\" id=\"style-css-av-citje-5c79b33bb265559ad7501521c713f8ed\">\n.flex_column.av-citje-5c79b33bb265559ad7501521c713f8ed{\nborder-radius:0px 0px 0px 0px;\npadding:0px 0px 0px 0px;\n}\n<\/style>\n<div  class='flex_column av-citje-5c79b33bb265559ad7501521c713f8ed av_one_full  avia-builder-el-0  el_before_av_one_full  avia-builder-el-first  first flex_column_div av-zero-column-padding  '     ><section  class='av_textblock_section av-jhr5w2jy-950d90c7636ef475564c142f041fd33f '   itemscope=\"itemscope\" itemtype=\"https:\/\/schema.org\/CreativeWork\" ><div class='avia_textblock'  itemprop=\"text\" ><h1>\u00bfQUE SOMOS?<\/h1>\n<p><span style=\"text-decoration: underline;\">Somos<\/span> una agencia de desarrollo personal.<\/p>\n<p>Nuestro objetivo es prestar servicio a particulares, a empresas, a colectivos como la familia, colegios, prisiones, residencias de ancianos, hospitales\u2026<\/p>\n<p>Realizamos divulgaci\u00f3n, formaci\u00f3n e informaci\u00f3n.<\/p>\n<p>Nuestro enfoque hol\u00edstico considera a cada persona de modo global. Sus factores f\u00edsicos, psicol\u00f3gicos, sociales, ecol\u00f3gicos y espirituales.<\/p>\n<p>Aportamos amor y libertad.<\/p>\n<p>Queremos contribuir a la autonom\u00eda, a la independencia, al \u00e9xito de cada persona, a su crecimiento, a su plenitud. Siempre respetando la individualidad y la unicidad de cada uno de nosotros.<\/p>\n<p>Asistimos en su desarrollo personal a todos aquellos que deseen una vida que les satisfaga, llena, gozosa : ni\u00f1os, j\u00f3venes, adultos y ancianos.<\/p>\n<p>Todo momento es perfecto.<\/p>\n<p><strong>A ser feliz, se aprende.<\/strong><\/p>\n<\/div><\/section><\/div>\n\n<style type=\"text\/css\" data-created_by=\"avia_inline_auto\" id=\"style-css-av-35kgfc-fc16cc53fbbec5ff057cf79eed7d892a\">\n.flex_column.av-35kgfc-fc16cc53fbbec5ff057cf79eed7d892a{\nborder-radius:0px 0px 0px 0px;\npadding:0px 0px 0px 0px;\n}\n<\/style>\n<div  class='flex_column av-35kgfc-fc16cc53fbbec5ff057cf79eed7d892a av_one_full  avia-builder-el-2  el_after_av_one_full  avia-builder-el-last  cacher first flex_column_div av-zero-column-padding  column-top-margin'     ><section  class='av_textblock_section av-k2oxcdtc-758d44d823e0a3bf9fbf31b995b0cfd8 '   itemscope=\"itemscope\" itemtype=\"https:\/\/schema.org\/CreativeWork\" ><div class='avia_textblock'  itemprop=\"text\" ><p><span style=\"text-decoration: underline;\">Somos<\/span> tambien una asociacion.<\/p>\n<p><span style=\"text-decoration: underline;\">Somos<\/span> un club.<\/p>\n<p>YOU ARE ME \u00ab WOMEN CLUB \u00bb<\/p>\n<p>Un club abierto a todas las mujeres que se sienten felices y a todas las mujeres que no se sienten felices.<\/p>\n<p>Para ser y estar ; voluntariamente, libremente, con respeto y aceptacion .<\/p>\n<p>YOU ARE ME WOMEN CLUB fomenta que la felicidad es un estado de conciencia y la creencia de que todos somos uno.<\/p>\n<p>Un club sin reglas, sin requisitos de admision, sin condiciones, sin honorarios.<\/p>\n<p>Un club del que no formas parte, tu eres el club.<\/p>\n<\/div><\/section><\/div>\n","protected":false},"excerpt":{"rendered":"","protected":false},"author":1,"featured_media":0,"parent":0,"menu_order":0,"comment_status":"closed","ping_status":"closed","template":"","meta":{"footnotes":""},"class_list":["post-1016","page","type-page","status-publish","hentry"],"_links":{"self":[{"href":"https:\/\/agenceyouareme.com\/es\/wp-json\/wp\/v2\/pages\/1016","targetHints":{"allow":["GET"]}}],"collection":[{"href":"https:\/\/agenceyouareme.com\/es\/wp-json\/wp\/v2\/pages"}],"about":[{"href":"https:\/\/agenceyouareme.com\/es\/wp-json\/wp\/v2\/types\/page"}],"author":[{"embeddable":true,"href":"https:\/\/agenceyouareme.com\/es\/wp-json\/wp\/v2\/users\/1"}],"replies":[{"embeddable":true,"href":"https:\/\/agenceyouareme.com\/es\/wp-json\/wp\/v2\/comments?post=1016"}],"version-history":[{"count":0,"href":"https:\/\/agenceyouareme.com\/es\/wp-json\/wp\/v2\/pages\/1016\/revisions"}],"wp:attachment":[{"href":"https:\/\/agenceyouareme.com\/es\/wp-json\/wp\/v2\/media?parent=1016"}],"curies":[{"name":"wp","href":"https:\/\/api.w.org\/{rel}","templated":true}]}}