{"id":1020,"date":"2018-06-04T14:22:26","date_gmt":"2018-06-04T12:22:26","guid":{"rendered":"https:\/\/agenceyouareme.com\/qui-sommes-nous\/"},"modified":"2023-11-16T20:55:36","modified_gmt":"2023-11-16T19:55:36","slug":"quienes-somos","status":"publish","type":"page","link":"https:\/\/agenceyouareme.com\/es\/quienes-somos\/","title":{"rendered":"\u00bfQui\u00e9nes somos?"},"content":{"rendered":"\n<style type=\"text\/css\" data-created_by=\"avia_inline_auto\" id=\"style-css-av-b9txx-524c6d5baa1a0c79efcbb70279508b4b\">\n.flex_column.av-b9txx-524c6d5baa1a0c79efcbb70279508b4b{\nborder-radius:0px 0px 0px 0px;\npadding:0px 0px 0px 0px;\n}\n<\/style>\n<div  class='flex_column av-b9txx-524c6d5baa1a0c79efcbb70279508b4b av_one_full  avia-builder-el-0  el_before_av_one_full  avia-builder-el-first  first flex_column_div av-zero-column-padding  '     ><section  class='av_textblock_section av-jhr62l1q-c15fded0a7fb7a660c4874ff8f5e2963 '   itemscope=\"itemscope\" itemtype=\"https:\/\/schema.org\/CreativeWork\" ><div class='avia_textblock'  itemprop=\"text\" ><h1>\u00bfQUIENES SOMOS?<\/h1>\n<p>Somos expertos en desarrollo personal, tambi\u00e9n somos m\u00e9dicos, cirujanos, dentistas, coachs, terapeutas, nutricionistas, profesores de yoga, mindfulness, maestros de meditaci\u00f3n, consejeros en imagen, arquitectos\u2026<\/p>\n<p>Consideramos a cada persona en su globalidad ; factores f\u00edsicos, psicol\u00f3gicos, sociales, ecol\u00f3gicos y espirituales. Al mismo tiempo respetando su individualidad y unicidad.<\/p>\n<p>Nuestro servicio es exclusivo. A medida.<\/p>\n<p>Eres \u00fanico y nadie m\u00e1s es como t\u00fa.<\/p>\n<p>Estamos juntos en esta aventura que es la vida.<\/p>\n<p>Participamos a la creaci\u00f3n de un planeta mejor.<\/p>\n<p>Esta es nuestra manera de ser \u00fatiles y de aportar valor a este mundo que adoramos.<\/p>\n<p><strong>Estamos aqu\u00ed para acompa\u00f1arte, si quieres.<\/strong><\/p>\n<\/div><\/section><\/div>\n<style type=\"text\/css\" data-created_by=\"avia_inline_auto\" id=\"style-css-av-9oyvh-bbe722a26befcf76f39bb6cc8d8e864d\">\n.flex_column.av-9oyvh-bbe722a26befcf76f39bb6cc8d8e864d{\nborder-radius:0px 0px 0px 0px;\npadding:0px 0px 0px 0px;\n}\n<\/style>\n<div  class='flex_column av-9oyvh-bbe722a26befcf76f39bb6cc8d8e864d av_one_full  avia-builder-el-2  el_after_av_one_full  el_before_av_one_full  cachecache first flex_column_div av-zero-column-padding  column-top-margin'     ><p>\n<style type=\"text\/css\" data-created_by=\"avia_inline_auto\" id=\"style-css-av-k2misdw7-f3e523c133dd4c2b0861d5c5a7cabd44\">\n.avia-image-container.av-k2misdw7-f3e523c133dd4c2b0861d5c5a7cabd44 img.avia_image{\nbox-shadow:none;\n}\n.avia-image-container.av-k2misdw7-f3e523c133dd4c2b0861d5c5a7cabd44 .av-image-caption-overlay-center{\ncolor:#ffffff;\n}\n<\/style>\n<div  class='avia-image-container av-k2misdw7-f3e523c133dd4c2b0861d5c5a7cabd44 av-styling- avia-align-center  avia-builder-el-3  el_before_av_textblock  avia-builder-el-first '   itemprop=\"image\" itemscope=\"itemscope\" itemtype=\"https:\/\/schema.org\/ImageObject\" ><div class=\"avia-image-container-inner\"><div class=\"avia-image-overlay-wrap\"><img decoding=\"async\" fetchpriority=\"high\" class='wp-image-1609 avia-img-lazy-loading-not-1609 avia_image ' src=\"https:\/\/agenceyouareme.com\/wp-content\/uploads\/2019\/11\/Karen-Dente-241x300.jpg\" alt='' title='Karen Dente'  height=\"300\" width=\"241\"  itemprop=\"thumbnailUrl\" srcset=\"https:\/\/agenceyouareme.com\/wp-content\/uploads\/2019\/11\/Karen-Dente-241x300.jpg 241w, https:\/\/agenceyouareme.com\/wp-content\/uploads\/2019\/11\/Karen-Dente-567x705.jpg 567w, https:\/\/agenceyouareme.com\/wp-content\/uploads\/2019\/11\/Karen-Dente-450x560.jpg 450w, https:\/\/agenceyouareme.com\/wp-content\/uploads\/2019\/11\/Karen-Dente.jpg 600w\" sizes=\"(max-width: 241px) 100vw, 241px\" \/><\/div><\/div><\/div><br \/>\n<section  class='av_textblock_section av-k2miu2vd-7fa62cc2b6fd8838f75118595e1da048 '   itemscope=\"itemscope\" itemtype=\"https:\/\/schema.org\/CreativeWork\" ><div class='avia_textblock'  itemprop=\"text\" ><p style=\"text-align: center;\">Karen Dente<br \/>\nMedico nutricionista naturopata<br \/>\n<a href=\"https:\/\/www.karendente.org\/\" target=\"_blank\" rel=\"noopener\">www.karendente.org<\/a><\/p>\n<\/div><\/section><\/p><\/div><\/p>\n\n<style type=\"text\/css\" data-created_by=\"avia_inline_auto\" id=\"style-css-av-9oyvh-bbe722a26befcf76f39bb6cc8d8e864d\">\n.flex_column.av-9oyvh-bbe722a26befcf76f39bb6cc8d8e864d{\nborder-radius:0px 0px 0px 0px;\npadding:0px 0px 0px 0px;\n}\n<\/style>\n<div  class='flex_column av-9oyvh-bbe722a26befcf76f39bb6cc8d8e864d av_one_full  avia-builder-el-5  el_after_av_one_full  avia-builder-el-last  cachecache first flex_column_div av-zero-column-padding  column-top-margin'     ><p>\n<style type=\"text\/css\" data-created_by=\"avia_inline_auto\" id=\"style-css-av-k2misdw7-d6c9009289fee79533e7ca603d4f2c3b\">\n.avia-image-container.av-k2misdw7-d6c9009289fee79533e7ca603d4f2c3b img.avia_image{\nbox-shadow:none;\n}\n.avia-image-container.av-k2misdw7-d6c9009289fee79533e7ca603d4f2c3b .av-image-caption-overlay-center{\ncolor:#ffffff;\n}\n<\/style>\n<div  class='avia-image-container av-k2misdw7-d6c9009289fee79533e7ca603d4f2c3b av-styling- avia-align-center  avia-builder-el-6  el_before_av_textblock  avia-builder-el-first '   itemprop=\"image\" itemscope=\"itemscope\" itemtype=\"https:\/\/schema.org\/ImageObject\" ><div class=\"avia-image-container-inner\"><div class=\"avia-image-overlay-wrap\"><img decoding=\"async\" fetchpriority=\"high\" class='wp-image-1608 avia-img-lazy-loading-not-1608 avia_image ' src=\"https:\/\/agenceyouareme.com\/wp-content\/uploads\/2019\/11\/Estela-Delgado-e1572999396153-241x300.jpg\" alt='' title='Estela Delgado'  height=\"300\" width=\"241\"  itemprop=\"thumbnailUrl\" srcset=\"https:\/\/agenceyouareme.com\/wp-content\/uploads\/2019\/11\/Estela-Delgado-e1572999396153-241x300.jpg 241w, https:\/\/agenceyouareme.com\/wp-content\/uploads\/2019\/11\/Estela-Delgado-e1572999396153-450x560.jpg 450w, https:\/\/agenceyouareme.com\/wp-content\/uploads\/2019\/11\/Estela-Delgado-e1572999396153.jpg 546w\" sizes=\"(max-width: 241px) 100vw, 241px\" \/><\/div><\/div><\/div><br \/>\n<section  class='av_textblock_section av-k2miu2vd-7fa62cc2b6fd8838f75118595e1da048 '   itemscope=\"itemscope\" itemtype=\"https:\/\/schema.org\/CreativeWork\" ><div class='avia_textblock'  itemprop=\"text\" ><p style=\"text-align: center;\">Estela Delgado<br \/>\nCoordinador YOU ARE ME (Espa\u00f1a)<br \/>\n<a href=\"mailto:contact@agenciayouareme.com\">contact@agenciayouareme.com<\/a><\/p>\n<\/div><\/section><\/p><\/div>\n","protected":false},"excerpt":{"rendered":"","protected":false},"author":1,"featured_media":0,"parent":0,"menu_order":0,"comment_status":"closed","ping_status":"closed","template":"","meta":{"footnotes":""},"class_list":["post-1020","page","type-page","status-publish","hentry"],"_links":{"self":[{"href":"https:\/\/agenceyouareme.com\/es\/wp-json\/wp\/v2\/pages\/1020","targetHints":{"allow":["GET"]}}],"collection":[{"href":"https:\/\/agenceyouareme.com\/es\/wp-json\/wp\/v2\/pages"}],"about":[{"href":"https:\/\/agenceyouareme.com\/es\/wp-json\/wp\/v2\/types\/page"}],"author":[{"embeddable":true,"href":"https:\/\/agenceyouareme.com\/es\/wp-json\/wp\/v2\/users\/1"}],"replies":[{"embeddable":true,"href":"https:\/\/agenceyouareme.com\/es\/wp-json\/wp\/v2\/comments?post=1020"}],"version-history":[{"count":0,"href":"https:\/\/agenceyouareme.com\/es\/wp-json\/wp\/v2\/pages\/1020\/revisions"}],"wp:attachment":[{"href":"https:\/\/agenceyouareme.com\/es\/wp-json\/wp\/v2\/media?parent=1020"}],"curies":[{"name":"wp","href":"https:\/\/api.w.org\/{rel}","templated":true}]}}