{"id":2105,"date":"2025-04-10T22:06:42","date_gmt":"2025-04-10T20:06:42","guid":{"rendered":"https:\/\/agenceyouareme.com\/therapie-circulaire-pyramidale\/"},"modified":"2025-04-10T22:10:18","modified_gmt":"2025-04-10T20:10:18","slug":"therapie-circulaire-pyramidale","status":"publish","type":"page","link":"https:\/\/agenceyouareme.com\/es\/therapie-circulaire-pyramidale\/","title":{"rendered":"Terapia Circular Piramidal"},"content":{"rendered":"<div  class='flex_column av-2egeda-0596f7423762998efb2d1a190ddd1168 av_one_full  avia-builder-el-0  avia-builder-el-no-sibling  first flex_column_div  '     ><section  class='av_textblock_section av-m9bshfat-0363edbd464e73c3e7ffeb508d23de9b '   itemscope=\"itemscope\" itemtype=\"https:\/\/schema.org\/CreativeWork\" ><div class='avia_textblock'  itemprop=\"text\" ><h1>TERAPIA CIRCULAR PIRAMIDAL<\/h1>\n<p>por Conso Gont\u00e1n<\/p>\n<p>La Terapia Circular Piramidal es un proceso de tratamiento que tiene como objetivo mejorar la salud f\u00edsica, mental y emocional de una persona.<\/p>\n<p>Su prop\u00f3sito es la independencia emocional del individuo a trav\u00e9s de la comprensi\u00f3n y el conocimiento de uno mismo. Permite liberarse de patrones inconscientes que limitan la vida. Favorece el cambio de patrones de pensamiento, comportamiento y relaciones interpersonales.<\/p>\n<p>A trav\u00e9s de la Terapia Circular Piramidal, puedes conocerte mejor y comprender c\u00f3mo te relacionas con el mundo a trav\u00e9s de tus sentidos, construyendo as\u00ed tu propia percepci\u00f3n. Este es el camino que te lleva hacia la libertad, la ruptura de los l\u00edmites y la prioridad de ti mismo, promoviendo el desarrollo personal y elevando tu vida a un nivel de realizaci\u00f3n y satisfacci\u00f3n inimaginables.<\/p>\n<p>Potencia la reestructuraci\u00f3n cognitiva y la autorregulaci\u00f3n, abriendo el camino hacia un crecimiento inesperado. El potencial humano individual se abre hacia la autorrealizaci\u00f3n.<\/p>\n<p>Cre\u00e9 la Terapia Circular Piramidal (TCP) a partir de mi experiencia profesional y personal. Despu\u00e9s de a\u00f1os de trabajo con personas de todo el mundo, desarroll\u00e9 mi propio m\u00e9todo, que hoy cuenta con una validez reconocida y comprobada. Gracias a este enfoque, muchos clientes \u2014casi todos\u2014 ahora disfrutan de la vida con plena consciencia, donde cada segundo cuenta y crea el siguiente.<\/p>\n<p>Con la Terapia Circular Piramidal (TCP) como herramienta, se analiza c\u00f3mo las interacciones entre las personas generan patrones repetitivos de comportamiento.<\/p>\n<p>Se comprende que los pensamientos, las emociones, las palabras y las creencias est\u00e1n conectados con el entorno y las relaciones.<\/p>\n<p>Algunos patrones se refuerzan y se perpet\u00faan. En lugar de culpar a una persona, se busca comprender el problema dentro del sistema de relaciones en el que ocurre, partiendo de la propia responsabilidad.<\/p>\n<p>La Terapia Circular Piramidal rompe los ciclos disfuncionales introduciendo nuevas formas de interacci\u00f3n. Lo hace siguiendo una jerarqu\u00eda de distintos niveles y analizando tambi\u00e9n el poder y las din\u00e1micas dentro de un sistema.<\/p>\n<p>Adem\u00e1s, hace referencia a un modelo progresivo y ascendente, en el que cada nivel representa una etapa de evoluci\u00f3n psicol\u00f3gica y emocional:<\/p>\n<p>autoconocimiento, gesti\u00f3n emocional, habilidades sociales y relacionales, prop\u00f3sito y sentido de la vida, autorrealizaci\u00f3n y plenitud, integridad.<\/p>\n<p><strong>Recuerda que la terapia y yo solo somos herramientas \u2014 el verdadero poder est\u00e1 dentro de ti.<\/strong><\/p>\n<p>No tienes que ser m\u00e1s, solo tienes que ser t\u00fa mismo.<\/p>\n<p>Tienes poder sobre tu mente, pero no sobre los acontecimientos; elige c\u00f3mo vivirlos.<\/p>\n<p>Solo puedes dar a los dem\u00e1s lo que eres capaz de darte a ti mismo.<\/p>\n<p>Tu trabajo interior es el regalo m\u00e1s valioso que puedes ofrecer al mundo.<\/p>\n<\/div><\/section><\/div>\n","protected":false},"excerpt":{"rendered":"","protected":false},"author":1,"featured_media":0,"parent":0,"menu_order":0,"comment_status":"closed","ping_status":"closed","template":"","meta":{"footnotes":""},"class_list":["post-2105","page","type-page","status-publish","hentry"],"_links":{"self":[{"href":"https:\/\/agenceyouareme.com\/es\/wp-json\/wp\/v2\/pages\/2105","targetHints":{"allow":["GET"]}}],"collection":[{"href":"https:\/\/agenceyouareme.com\/es\/wp-json\/wp\/v2\/pages"}],"about":[{"href":"https:\/\/agenceyouareme.com\/es\/wp-json\/wp\/v2\/types\/page"}],"author":[{"embeddable":true,"href":"https:\/\/agenceyouareme.com\/es\/wp-json\/wp\/v2\/users\/1"}],"replies":[{"embeddable":true,"href":"https:\/\/agenceyouareme.com\/es\/wp-json\/wp\/v2\/comments?post=2105"}],"version-history":[{"count":0,"href":"https:\/\/agenceyouareme.com\/es\/wp-json\/wp\/v2\/pages\/2105\/revisions"}],"wp:attachment":[{"href":"https:\/\/agenceyouareme.com\/es\/wp-json\/wp\/v2\/media?parent=2105"}],"curies":[{"name":"wp","href":"https:\/\/api.w.org\/{rel}","templated":true}]}}