{"id":2130,"date":"2025-04-10T22:14:46","date_gmt":"2025-04-10T20:14:46","guid":{"rendered":"https:\/\/agenceyouareme.com\/que-pouvons-nous-toffrir-que\/"},"modified":"2025-04-15T09:48:53","modified_gmt":"2025-04-15T07:48:53","slug":"inteligencia-artificial","status":"publish","type":"page","link":"https:\/\/agenceyouareme.com\/es\/inteligencia-artificial\/","title":{"rendered":"Inteligencia artificial"},"content":{"rendered":"<div  class='flex_column av-28zn20-3820d3ff1c725350c0b597a0196f9574 av_one_full  avia-builder-el-0  avia-builder-el-no-sibling  first flex_column_div  '     ><section  class='av_textblock_section av-m9bssqm0-66fd32fd782972a9b04af2cfab0c819a '   itemscope=\"itemscope\" itemtype=\"https:\/\/schema.org\/CreativeWork\" ><div class='avia_textblock'  itemprop=\"text\" ><h1>QU\u00c9 PODEMOS OFRECERTE QUE LA INTELIGENCIA ARTIFICIAL (IA), NI NINGUNA APLICACI\u00d3N O ASISTENTE VIRTUAL, PUEDE OFRECERTE, SEG\u00daN LA PROPIA IA?<\/h1>\n<ol>\n<li><strong> Presencia y conexi\u00f3n aut\u00e9ntica<\/strong><\/li>\n<\/ol>\n<p>La presencia f\u00edsica y emocional de otro ser humano genera una sensaci\u00f3n de seguridad y pertenencia que la IA no puede igualar.<\/p>\n<p>La comunicaci\u00f3n no verbal (contacto visual, tono de voz, lenguaje corporal) transmite empat\u00eda y afecto de una manera \u00fanica.<\/p>\n<ol start=\"2\">\n<li><strong> Empat\u00eda sincera y comprensi\u00f3n profunda<\/strong><\/li>\n<\/ol>\n<ul>\n<li>Los seres humanos pueden experimentar una empat\u00eda aut\u00e9ntica, ya que comparten emociones similares y pueden comprender el sufrimiento de otros a trav\u00e9s de su propia experiencia de vida.<\/li>\n<li>La IA puede simular la empat\u00eda, pero no siente ni comprende realmente el dolor o la alegr\u00eda.<\/li>\n<\/ul>\n<ol start=\"3\">\n<li><strong> Amor y v\u00ednculo afectivo real<\/strong><\/li>\n<\/ol>\n<ul>\n<li>La capacidad de dar y recibir amor incondicionalmente, sin haber sido programados para ello, es exclusiva de los seres humanos.<\/li>\n<\/ul>\n<ol start=\"4\">\n<li><strong> Creatividad espont\u00e1nea<\/strong><\/li>\n<\/ol>\n<ul>\n<li>Las personas pueden crear juntas, improvisar, sin un conjunto de reglas predefinidas, lo que fortalece la conexi\u00f3n emocional.<\/li>\n<li>La IA sigue patrones y reglas, pero no puede participar de manera aut\u00e9ntica en el juego emocional y la espontaneidad humana.<\/li>\n<\/ul>\n<ol start=\"5\">\n<li><strong> Intuici\u00f3n y sabidur\u00eda emocional<\/strong><\/li>\n<\/ol>\n<ul>\n<li>La intuici\u00f3n permite a los seres humanos percibir estados emocionales sutiles, leer entre l\u00edneas y actuar en funci\u00f3n de experiencias profundas.<\/li>\n<li>La IA se basa en datos y patrones, pero no en una comprensi\u00f3n intuitiva del otro.<\/li>\n<\/ul>\n<\/div><\/section><\/div>\n","protected":false},"excerpt":{"rendered":"","protected":false},"author":1,"featured_media":0,"parent":0,"menu_order":0,"comment_status":"closed","ping_status":"closed","template":"","meta":{"footnotes":""},"class_list":["post-2130","page","type-page","status-publish","hentry"],"_links":{"self":[{"href":"https:\/\/agenceyouareme.com\/es\/wp-json\/wp\/v2\/pages\/2130","targetHints":{"allow":["GET"]}}],"collection":[{"href":"https:\/\/agenceyouareme.com\/es\/wp-json\/wp\/v2\/pages"}],"about":[{"href":"https:\/\/agenceyouareme.com\/es\/wp-json\/wp\/v2\/types\/page"}],"author":[{"embeddable":true,"href":"https:\/\/agenceyouareme.com\/es\/wp-json\/wp\/v2\/users\/1"}],"replies":[{"embeddable":true,"href":"https:\/\/agenceyouareme.com\/es\/wp-json\/wp\/v2\/comments?post=2130"}],"version-history":[{"count":0,"href":"https:\/\/agenceyouareme.com\/es\/wp-json\/wp\/v2\/pages\/2130\/revisions"}],"wp:attachment":[{"href":"https:\/\/agenceyouareme.com\/es\/wp-json\/wp\/v2\/media?parent=2130"}],"curies":[{"name":"wp","href":"https:\/\/api.w.org\/{rel}","templated":true}]}}