{"id":2671,"date":"2025-06-14T21:57:42","date_gmt":"2025-06-14T19:57:42","guid":{"rendered":"https:\/\/agenceyouareme.com\/mentions-legales\/"},"modified":"2025-06-20T05:08:25","modified_gmt":"2025-06-20T03:08:25","slug":"mentions-legales","status":"publish","type":"page","link":"https:\/\/agenceyouareme.com\/es\/mentions-legales\/","title":{"rendered":"Aviso legal"},"content":{"rendered":"\n<h1 class=\"wp-block-heading has-text-align-center has-large-font-size\"><strong>Avisos legales<\/strong><\/h1>\n\n\n\n<div style=\"height:30px\" aria-hidden=\"true\" class=\"wp-block-spacer\"><\/div>\n\n\n\n<h2 class=\"wp-block-heading has-medium-font-size\"><strong>Presentaci\u00f3n del sitio web<\/strong><\/h2>\n\n\n\n<p>\n  En virtud del art\u00edculo&nbsp;<strong>6 de la ley n\u00b0 2004-575 del 21 de junio de 2004<\/strong> para la confianza \n  en la econom\u00eda digital, se informa a los usuarios del sitio&nbsp;<a href=\"http:\/\/agenceyouareme.com\">agenceyouareme.com<\/a>\n  &nbsp;de la identidad de los distintos actores involucrados en su realizaci\u00f3n y seguimiento:<br><br>\n  <strong>Propietario, responsable de la publicaci\u00f3n:<\/strong>&nbsp;<strong>AGENCE YOU ARE ME<\/strong> &#8211; Conso Gontan \u2013 \n  &nbsp;<a href=\"mailto:contact@agenceyouareme.com\">contact@agenceyouareme.com<\/a><br>\n  <strong>Proveedor de alojamiento:<\/strong>&nbsp;Hostinger International Ltd \u2013 61 Lordou Vironos str. 6023 Larnaca, Chipre<br>\n  <strong>Contacto del proveedor de alojamiento:<\/strong>&nbsp;\n  <a href=\"mailto:support@hostinger.com\">support@hostinger.com<\/a>\n<\/p>\n\n\n\n<h2 class=\"wp-block-heading has-medium-font-size\"><strong>T\u00e9rminos y condiciones de uso del sitio y servicios ofrecidos<\/strong><\/h2>\n\n\n\n<p>\n  El uso del sitio&nbsp;<a href=\"http:\/\/agenceyouareme.com\">agenceyouareme.com<\/a>&nbsp;implica la aceptaci\u00f3n plena y \n  completa de los t\u00e9rminos y condiciones aqu\u00ed descritos. Estos t\u00e9rminos de uso pueden ser modificados o actualizados en \n  cualquier momento; por lo tanto, se recomienda a los usuarios revisarlos peri\u00f3dicamente.\n<\/p>\n\n\n\n<p>\n  El sitio est\u00e1 normalmente accesible a los usuarios en todo momento. Sin embargo, se podr\u00e1 decidir una interrupci\u00f3n \n  para mantenimiento t\u00e9cnico por parte de&nbsp;<a href=\"http:\/\/agenceyouareme.com\">agenceyouareme.com<\/a>, que se \n  esforzar\u00e1 por comunicar de antemano las fechas y horarios de dicha intervenci\u00f3n.\n<\/p>\n\n\n\n<p>\n  El sitio&nbsp;<a href=\"http:\/\/agenceyouareme.com\">agenceyouareme.com<\/a>&nbsp;se actualiza regularmente. Asimismo, \n  los avisos legales pueden ser modificados en cualquier momento. No obstante, estos son de obligado cumplimiento para \n  el usuario, quien es invitado a consultarlos tan a menudo como sea posible.\n<\/p>\n\n\n\n<h2 class=\"wp-block-heading has-medium-font-size\"><strong>Limitaciones contractuales sobre los datos t\u00e9cnicos<\/strong><\/h2>\n\n\n\n<p>\n  El sitio no se har\u00e1 responsable de da\u00f1os materiales relacionados con el uso del mismo. Adem\u00e1s, el usuario se \n  compromete a acceder usando un hardware actualizado, libre de virus y con un navegador moderno y actualizado.\n<\/p>\n\n\n\n<h2 class=\"wp-block-heading has-medium-font-size\"><strong>Propiedad intelectual y falsificaciones<\/strong><\/h2>\n\n\n\n<p>\n  <strong>AGENCE YOU ARE ME<\/strong>, a trav\u00e9s de&nbsp;<strong>Conso Gontan<\/strong>, es el titular de los derechos \n  de propiedad intelectual o posee los derechos de uso sobre todos los elementos accesibles en el sitio, incluidos textos, \n  im\u00e1genes, gr\u00e1ficos, logotipos, iconos, sonidos y programas inform\u00e1ticos.\n<\/p>\n\n\n\n<p>\n  Queda prohibida cualquier reproducci\u00f3n, representaci\u00f3n, modificaci\u00f3n, publicaci\u00f3n o adaptaci\u00f3n de todo o parte de los \n  elementos del sitio, independientemente del medio o m\u00e9todo utilizado, salvo autorizaci\u00f3n previa por escrito de \n  <strong>AGENCE YOU ARE ME<\/strong>.\n<\/p>\n\n\n\n<p>\n  Cualquier explotaci\u00f3n no autorizada del sitio o de cualquiera de sus elementos se considerar\u00e1 una falsificaci\u00f3n y \n  ser\u00e1 perseguida conforme a lo dispuesto en los art\u00edculos&nbsp;<strong>L.335-2 y siguientes del C\u00f3digo de la Propiedad \n  Intelectual<\/strong>.\n<\/p>\n\n\n\n<h2 class=\"wp-block-heading has-medium-font-size\"><strong>Limitaciones de responsabilidad<\/strong><\/h2>\n\n\n\n<p>\n  <strong>AGENCE YOU ARE ME<\/strong>&nbsp;no se hace responsable de da\u00f1os directos o indirectos causados al equipo del \n  usuario al acceder al sitio&nbsp;<a href=\"http:\/\/agenceyouareme.com\">agenceyouareme.com<\/a>, ya sea por el uso \n  de un hardware que no cumpla con las especificaciones indicadas o por la aparici\u00f3n de un error o incompatibilidad.\n<\/p>\n\n\n\n<p>\n  <strong>AGENCE YOU ARE ME<\/strong>&nbsp;tampoco se hace responsable de los da\u00f1os indirectos (como, por ejemplo, la p\u00e9rdida \n  de mercado o la p\u00e9rdida de una oportunidad) que puedan derivarse del uso del sitio.\n<\/p>\n\n\n\n<h2 class=\"wp-block-heading has-medium-font-size\"><strong>Gesti\u00f3n de datos personales<\/strong><\/h2>\n\n\n\n<p>\n  En Francia, los datos personales est\u00e1n protegidos, entre otras normas, por la Ley&nbsp;<strong>N\u00b0 78-87 del 6 de \n  enero de 1978<\/strong>, la Ley&nbsp;<strong>N\u00b0 2004-801 del 6 de agosto de 2004<\/strong>, el art\u00edculo&nbsp;\n  <strong>L. 226-13 del C\u00f3digo Penal<\/strong> y la Directiva Europea del&nbsp;<strong>24 de octubre de 1995<\/strong>.\n<\/p>\n\n\n\n<p>\n  Durante el uso del sitio, se pueden recopilar: la URL de los enlaces a trav\u00e9s de los cuales el usuario accedi\u00f3 al \n  sitio, el proveedor de acceso a Internet y la direcci\u00f3n de Protocolo de Internet (IP) del usuario.\n<\/p>\n\n\n\n<p>\n  En cualquier caso, <strong>AGENCE YOU ARE ME<\/strong> recopila informaci\u00f3n personal relativa al usuario \u00fanicamente \n  para la prestaci\u00f3n de determinados servicios. El usuario proporciona esta informaci\u00f3n de forma consciente, \n  especialmente cuando la introduce \u00e9l mismo. Se le informa, en cada caso, de si es obligatorio o no proporcionar \n  dichos datos.\n<\/p>\n\n\n\n<p>\n  De conformidad con lo dispuesto en los art\u00edculos&nbsp;<strong>38 y siguientes de la Ley 78-17 del 6 de enero \n  de 1978<\/strong>, todo usuario tiene derecho a acceder, rectificar y oponerse al tratamiento de sus datos personales, \n  enviando su solicitud por correo electr\u00f3nico a&nbsp;<a href=\"mailto:contact@agenceyouareme.com\">contact@agenceyouareme.com<\/a>.\n<\/p>\n\n\n\n<p>\n  Ninguna informaci\u00f3n personal del usuario del sitio&nbsp;<a href=\"http:\/\/agenceyouareme.com\">agenceyouareme.com<\/a>\n  &nbsp;se publica sin su conocimiento, ni se intercambia, transfiere, cede o vende a terceros en ning\u00fan soporte.\n<\/p>\n\n\n\n<p>\n  El sitio no est\u00e1 registrado en la CNIL, ya que no recopila datos personales m\u00e1s all\u00e1 de los especificados.\n<\/p>\n\n\n\n<p>\n  Las bases de datos est\u00e1n protegidas por lo dispuesto en la Ley del&nbsp;<strong>1 de julio de 1998<\/strong> que \n  transpone la Directiva&nbsp;<strong>96\/9 del 11 de marzo de 1996<\/strong> relativa a la protecci\u00f3n jur\u00eddica de las \n  bases de datos.\n<\/p>\n\n\n\n<h2 class=\"wp-block-heading has-medium-font-size\"><strong>Enlaces hipertextuales y cookies<\/strong><\/h2>\n\n\n\n<p>\n  El sitio&nbsp;<a href=\"http:\/\/agenceyouareme.com\">agenceyouareme.com<\/a>&nbsp;puede contener enlaces \n  hipertextuales a otros sitios, insertados con la autorizaci\u00f3n de <strong>AGENCE YOU ARE ME<\/strong>. \n  Sin embargo, esta \u00faltima no tiene la posibilidad de verificar el contenido de los sitios enlazados y, por lo tanto, \n  no asume responsabilidad al respecto.\n<\/p>\n\n\n\n<p>\n  La navegaci\u00f3n en el sitio puede dar lugar a la instalaci\u00f3n de cookies en el ordenador del usuario. Una cookie \n  es un peque\u00f1o archivo que no permite la identificaci\u00f3n directa del usuario, pero que registra informaci\u00f3n relativa \n  a la navegaci\u00f3n en el sitio. Los datos obtenidos tienen como finalidad facilitar futuras navegaciones en el sitio \n  y permiten tambi\u00e9n diversas medidas de tr\u00e1fico.\n<\/p>\n\n\n\n<p>\n  El rechazo a la instalaci\u00f3n de una cookie puede impedir el acceso a determinados servicios. No obstante, el usuario \n  puede configurar su ordenador para rechazar la instalaci\u00f3n de cookies.\n<\/p>\n\n\n\n<h2 class=\"wp-block-heading has-medium-font-size\"><strong>Ley aplicable y jurisdicci\u00f3n<\/strong><\/h2>\n\n\n\n<p>\n  Cualquier controversia relacionada con el uso del sitio&nbsp;<a href=\"http:\/\/agenceyouareme.com\">agenceyouareme.com<\/a>\n  &nbsp;se regir\u00e1 por la ley francesa. Se atribuye de manera exclusiva la jurisdicci\u00f3n a los tribunales competentes de \n  <strong>Par\u00eds<\/strong>.\n<\/p>\n\n\n\n<h2 class=\"wp-block-heading has-medium-font-size\"><strong>Textos legales de referencia<\/strong><\/h2>\n\n\n\n<p>\n  <strong>Ley n\u00b0 78-17 del 6 de enero de 1978<\/strong>, modificada en particular por la \n  <strong>Ley n\u00b0 2004-801<\/strong>&nbsp;<strong>del 6 de agosto de 2004<\/strong>, relativa al tratamiento de datos, \n  archivos y libertades.\n<\/p>\n\n\n\n<p>\n  <strong>Ley n\u00b0 2004-575 del 21 de junio de 2004<\/strong>&nbsp;para la confianza en la econom\u00eda digital.\n<\/p>\n\n\n\n<h2 class=\"wp-block-heading has-medium-font-size\"><strong>Glosario<\/strong><\/h2>\n\n\n\n<p>\n  <strong>Usuario:<\/strong>&nbsp;Internauta que accede y utiliza el sitio mencionado.\n<\/p>\n\n\n\n<p>\n  <strong>Informaci\u00f3n personal:<\/strong>&nbsp;\u00ab La informaci\u00f3n que, en cualquier forma, directa o indirectamente, \n  permite la identificaci\u00f3n de las personas f\u00edsicas a las que se refieren. \u00bb\n<\/p>\n","protected":false},"excerpt":{"rendered":"<p>Avisos legales Presentaci\u00f3n del sitio web En virtud del art\u00edculo&nbsp;6 de la ley n\u00b0 2004-575 del 21 de junio de 2004 para la confianza en la econom\u00eda digital, se informa a los usuarios del sitio&nbsp;agenceyouareme.com &nbsp;de la identidad de los distintos actores involucrados en su realizaci\u00f3n y seguimiento: Propietario, responsable de la publicaci\u00f3n:&nbsp;AGENCE YOU ARE [&hellip;]<\/p>\n","protected":false},"author":1,"featured_media":0,"parent":0,"menu_order":0,"comment_status":"closed","ping_status":"closed","template":"","meta":{"footnotes":""},"class_list":["post-2671","page","type-page","status-publish","hentry"],"_links":{"self":[{"href":"https:\/\/agenceyouareme.com\/es\/wp-json\/wp\/v2\/pages\/2671","targetHints":{"allow":["GET"]}}],"collection":[{"href":"https:\/\/agenceyouareme.com\/es\/wp-json\/wp\/v2\/pages"}],"about":[{"href":"https:\/\/agenceyouareme.com\/es\/wp-json\/wp\/v2\/types\/page"}],"author":[{"embeddable":true,"href":"https:\/\/agenceyouareme.com\/es\/wp-json\/wp\/v2\/users\/1"}],"replies":[{"embeddable":true,"href":"https:\/\/agenceyouareme.com\/es\/wp-json\/wp\/v2\/comments?post=2671"}],"version-history":[{"count":0,"href":"https:\/\/agenceyouareme.com\/es\/wp-json\/wp\/v2\/pages\/2671\/revisions"}],"wp:attachment":[{"href":"https:\/\/agenceyouareme.com\/es\/wp-json\/wp\/v2\/media?parent=2671"}],"curies":[{"name":"wp","href":"https:\/\/api.w.org\/{rel}","templated":true}]}}