{"id":2562,"date":"2025-06-13T17:09:01","date_gmt":"2025-06-13T15:09:01","guid":{"rendered":"https:\/\/agenceyouareme.com\/?post_type=product&#038;p=2562"},"modified":"2025-07-29T22:14:36","modified_gmt":"2025-07-29T20:14:36","slug":"fuck-you","status":"publish","type":"product","link":"https:\/\/agenceyouareme.com\/es\/producto\/fuck-you\/","title":{"rendered":"Fuck you"},"content":{"rendered":"Aseg\u00farese de colocar la vela sobre una superficie resistente al calor antes de encenderla.<br>\nLa vela debe permanecer encendida al menos el tiempo suficiente para que la capa superior se derrita por completo y no se forme un cr\u00e1ter central.<br>\nPara evitar que la llama se eleve demasiado y la mecha se deslice lateralmente en la cera derretida, es aconsejable no mantener la vela encendida m\u00e1s de 3 horas seguidas.<br>\nApaga la vela correctamente.<br>\nNo soples. Podr\u00edas provocar peligrosas salpicaduras de cera. Puedes apagar la vela sofocando la llama: sin ox\u00edgeno, la vela se consumir\u00e1 r\u00e1pidamente.<br>\nEl m\u00e9todo ideal ser\u00eda sumergir la mecha en la cera l\u00edquida con la ayuda de la punta de unas tijeras o pinzas y volver a ponerla en posici\u00f3n vertical.<br>\nDe este modo, no se generan humos y la mecha queda bien encerada y lista para el siguiente encendido.<br>\nMantener fuera del alcance de los ni\u00f1os.\n","protected":false},"excerpt":{"rendered":"[wpml-string context=\"agenceyouareme\" name=\"description-bougie-courte2\"]Inspir\u00e9s par la psychologie transpersonnelle, la philosophie advaita et l&#8217;art conceptuel, l&#8217;agence de d\u00e9veloppement personnel You are me (<a href=\"https:\/\/agenceyouareme.com\/\">www.agenceyouareme.com<\/a>) et la marque des Pouilles Infinitelyricarica pr\u00e9sentent des \u00ab objets conscients \u00bb.<br \/>\nCe concept est v\u00e9hicul\u00e9 \u00e0 travers chaque cr\u00e9ation en termes de durabilit\u00e9 dans la conception, la r\u00e9alisation et l&#8217;\u00e9limination durable du produit.<br \/>\nSans aucune pr\u00e9tention \u00e0 changer le monde ou m\u00eame \u00e0 l&#8217;am\u00e9liorer, mais simplement en l&#8217;aimant et en l&#8217;acceptant tel qu&#8217;il est, en apportant notre amour \u00e0 la vie et \u00e0 sa jouissance, avec plaisir et gratitude.<br \/>\nEn collaboration avec Handmade Soaps Salento et gr\u00e2ce \u00e0 eux, nous vous pr\u00e9sentons cette bougie artisanale.<br \/>\nIl s&#8217;agit d&#8217;une bougie en cire de soja pure, coul\u00e9e \u00e0 la main dans l&#8217;atelier artisanal de San Foca, au c\u0153ur du Salento (Pouilles) (Italie).<br \/>\nLa bougie a une combustion propre et une longue dur\u00e9e de vie, et ne lib\u00e8re pas de substances toxiques car elle est 100% naturelle.<br \/>\nLa m\u00e8che utilis\u00e9e est en pur coton.[\/wpml-string]\n","protected":false},"featured_media":2197,"template":"","meta":[],"product_brand":[],"product_cat":[75],"product_tag":[],"class_list":{"0":"post-2562","1":"product","2":"type-product","3":"status-publish","4":"has-post-thumbnail","6":"product_cat-bougies","8":"first","9":"instock","10":"taxable","11":"shipping-taxable","12":"purchasable","13":"product-type-simple"},"_links":{"self":[{"href":"https:\/\/agenceyouareme.com\/es\/wp-json\/wp\/v2\/product\/2562","targetHints":{"allow":["GET"]}}],"collection":[{"href":"https:\/\/agenceyouareme.com\/es\/wp-json\/wp\/v2\/product"}],"about":[{"href":"https:\/\/agenceyouareme.com\/es\/wp-json\/wp\/v2\/types\/product"}],"wp:featuredmedia":[{"embeddable":true,"href":"https:\/\/agenceyouareme.com\/es\/wp-json\/wp\/v2\/media\/2197"}],"wp:attachment":[{"href":"https:\/\/agenceyouareme.com\/es\/wp-json\/wp\/v2\/media?parent=2562"}],"wp:term":[{"taxonomy":"product_brand","embeddable":true,"href":"https:\/\/agenceyouareme.com\/es\/wp-json\/wp\/v2\/product_brand?post=2562"},{"taxonomy":"product_cat","embeddable":true,"href":"https:\/\/agenceyouareme.com\/es\/wp-json\/wp\/v2\/product_cat?post=2562"},{"taxonomy":"product_tag","embeddable":true,"href":"https:\/\/agenceyouareme.com\/es\/wp-json\/wp\/v2\/product_tag?post=2562"}],"curies":[{"name":"wp","href":"https:\/\/api.w.org\/{rel}","templated":true}]}}