{"id":2104,"date":"2025-04-10T22:06:42","date_gmt":"2025-04-10T20:06:42","guid":{"rendered":"https:\/\/agenceyouareme.com\/therapie-circulaire-pyramidale\/"},"modified":"2025-04-10T22:11:20","modified_gmt":"2025-04-10T20:11:20","slug":"therapie-circulaire-pyramidale","status":"publish","type":"page","link":"https:\/\/agenceyouareme.com\/it\/therapie-circulaire-pyramidale\/","title":{"rendered":"Terapia Circolare Piramidale"},"content":{"rendered":"<div  class='flex_column av-2egeda-0596f7423762998efb2d1a190ddd1168 av_one_full  avia-builder-el-0  avia-builder-el-no-sibling  first flex_column_div  '     ><section  class='av_textblock_section av-m9bshfat-0363edbd464e73c3e7ffeb508d23de9b '   itemscope=\"itemscope\" itemtype=\"https:\/\/schema.org\/CreativeWork\" ><div class='avia_textblock'  itemprop=\"text\" ><h1>TERAPIA CIRCOLARE PIRAMIDALE<\/h1>\n<p>de Conso Gont\u00e1n<\/p>\n<p>La Terapia Circolare Piramidale \u00e8 un processo di trattamento volto a migliorare la salute fisica, mentale ed \u00e9motive di una persona.<\/p>\n<p>Il suo obiettivo \u00e8 l\u2019indipendenza emotiva dell\u2019individuo attraverso l\u2019autocomprensione e la consapevolezza di s\u00e9. Permette di liberarsi dai modelli inconsci che limitano la vita. Favorisce il cambiamento dei modelli di pensiero, di comportamento e delle relazioni interpersonali.<\/p>\n<p>Attraverso la Terapia Circolare Piramidale, puoi conoscere meglio te stesso e comprendere come ti relazioni con il mondo attraverso I tuoi sensi, costruendo cos\u00ed la tua percezione personale. Questo \u00e8 il cammino che ti conduce alla libert\u00e0, alla rottura dei limiti e alla priorit\u00e0 di te stesso, favorendo lo sviluppo personale ed elevando la tua vita a livello di realizzazione e soddisfazione inimmaginabili.<\/p>\n<p>Potenzia la ristrutturazione cognitiva e l\u2019autoregolazione, aprendo la strada a una crescita imprevista. Il potenziale umano individuale si apre verso l\u2019autorealizzazione.<\/p>\n<p>Ho creato la Terapia Circolare Piramidale TCP a partire dalla mia esperienzia professionale e personale. Dopo anni di pratica con persone di tutto il mondo, ho sviluppato il mio metodo, questo conferisce una validit\u00e0 comprovata e riconosciuta. Grazie a questo approccio, molti clienti, quasi tutti, ora godono della vita con attenzione piena, dove ogni secondo conta e crea il successivo.<\/p>\n<p>Con la Terapia Circolare Piramidale TCP come strumento, si analizza come le interazioni tra le persone generino schemi ripetitivi di comportamento.<\/p>\n<p>Si comprende che i pensieri, le emozioni, le parole, quello che si crede , sono conessi al suo ambiente e alle sue relazioni.<\/p>\n<p>Alcuni schemi si rafforzano e si perp\u00e9tuano. Invece di incolpare una persona, si cerca di comprendere il problema all\u2019interno del sistema di relazioni in cui si verifica, partendo dalla propria responsabilit\u00e0.<\/p>\n<p>La Terapia Circolare Piramidale rompe i cicli disfunzionali introducendo nuove forme di interazione. Lo fa seguendo una gerarchia a diversi livelli e analizzando anche il potere e le dinamiche all\u2019interno di un sistema.<\/p>\n<p>Fa inoltre riferimento a un modello progressivo e ascensionale, in cui ogni livello rappresenta una fase di evoluzione psicologica ed emotiva:<\/p>\n<p>autoconoscenza, gestione delle emozioni, competenze sociali e relazionali, scopo e senzo della<\/p>\n<p>vita, autorealizzazione e completezza, pienezza.<\/p>\n<ul>\n<li>Ricorda che la terapia e io siamo solo strumenti, il vero potere \u00e8 dentro di te.<\/li>\n<li>Non devi essere di piu, devi solo essere te stesso.<\/li>\n<li>Hai potere sulla tua mente, ma non sugli eventi; scegli come viverli.<\/li>\n<li>Puoi dare agli altri solo ci\u00f2 che puoi dare a te stesso.<\/li>\n<li>Il tuo lavoro interiore \u00e8 il dono piu prezioso che puoi offrire al mondo.<\/li>\n<\/ul>\n<\/div><\/section><\/div>\n","protected":false},"excerpt":{"rendered":"","protected":false},"author":1,"featured_media":0,"parent":0,"menu_order":0,"comment_status":"closed","ping_status":"closed","template":"","meta":{"footnotes":""},"class_list":["post-2104","page","type-page","status-publish","hentry"],"_links":{"self":[{"href":"https:\/\/agenceyouareme.com\/it\/wp-json\/wp\/v2\/pages\/2104","targetHints":{"allow":["GET"]}}],"collection":[{"href":"https:\/\/agenceyouareme.com\/it\/wp-json\/wp\/v2\/pages"}],"about":[{"href":"https:\/\/agenceyouareme.com\/it\/wp-json\/wp\/v2\/types\/page"}],"author":[{"embeddable":true,"href":"https:\/\/agenceyouareme.com\/it\/wp-json\/wp\/v2\/users\/1"}],"replies":[{"embeddable":true,"href":"https:\/\/agenceyouareme.com\/it\/wp-json\/wp\/v2\/comments?post=2104"}],"version-history":[{"count":0,"href":"https:\/\/agenceyouareme.com\/it\/wp-json\/wp\/v2\/pages\/2104\/revisions"}],"wp:attachment":[{"href":"https:\/\/agenceyouareme.com\/it\/wp-json\/wp\/v2\/media?parent=2104"}],"curies":[{"name":"wp","href":"https:\/\/api.w.org\/{rel}","templated":true}]}}