{"id":2693,"date":"2025-06-14T21:59:03","date_gmt":"2025-06-14T19:59:03","guid":{"rendered":"https:\/\/agenceyouareme.com\/conditions-generales-de-vente\/"},"modified":"2025-07-27T04:50:31","modified_gmt":"2025-07-27T02:50:31","slug":"conditions-generales-de-vente","status":"publish","type":"page","link":"https:\/\/agenceyouareme.com\/it\/conditions-generales-de-vente\/","title":{"rendered":"Condizioni generali di vendita"},"content":{"rendered":"\n<h2 class=\"wp-block-heading has-text-align-center\">Termini e Condizioni Generali di Vendita<\/h2>\n\n\n\n<h3 class=\"wp-block-heading\">Articolo 1: Premessa<\/h3>\n\n\n\n<p>Le presenti condizioni generali di vendita si applicano esclusivamente tra l\u2019entit\u00e0 denominata <strong>AGENCE YOU ARE ME<\/strong> (di seguito \u201cNoi\u201d) e ogni persona che visiti o effettui un acquisto (di seguito \u201cVoi\u201d) tramite il sito <a href=\"https:\/\/agenceyouareme.com\/\">agenceyouareme.com<\/a>. Poich\u00e9 le presenti condizioni generali di vendita possono subire modifiche, le condizioni applicabili sono quelle in vigore sul sito <a href=\"https:\/\/agenceyouareme.com\/\">agenceyouareme.com<\/a> alla data in cui viene effettuato il Vostro ordine.<\/p>\n\n\n\n<h3 class=\"wp-block-heading\">Articolo 2: Conclusione del Contratto<\/h3>\n\n\n\n<p>Dichiari di avere almeno 18 anni e di possedere la capacit\u00e0 giuridica, oppure di essere in possesso dell\u2019autorizzazione genitoriale per effettuare un ordine sul sito <a href=\"https:\/\/agenceyouareme.com\/\">agenceyouareme.com<\/a>.<br>\nDopo aver effettuato il Vostro ordine, riceverete un\u2019email di conferma contenente tutti gli articoli ordinati.<br>\nQuesta email costituisce la nostra accettazione del Vostro ordine e forma pertanto il contratto di vendita tra Voi e Noi.<\/p>\n\n\n\n<h3 class=\"wp-block-heading\">Articolo 3: Disponibilit\u00e0<\/h3>\n\n\n\n<p>Gli articoli in magazzino vengono spediti entro 24-48 ore.<br>\nSe, nonostante la nostra vigilanza, gli articoli non disponibili non possono essere riforniti a causa di una rottura di stock da parte dei nostri fornitori, Vi informeremo via email al pi\u00f9 presto. Di conseguenza, il Vostro ordine sar\u00e0 annullato e il rimborso verr\u00e0 effettuato immediatamente.<\/p>\n\n\n\n<h3 class=\"wp-block-heading\">Articolo 4: Prezzi<\/h3>\n\n\n\n<p>I prezzi indicati sul sito <a href=\"https:\/\/agenceyouareme.com\/\">agenceyouareme.com<\/a> sono espressi in euro, comprensivi di tutte le tasse francesi applicabili (IVA francese e altre tasse applicabili). Non includono i costi di spedizione, che vengono addebitati a parte e indicati prima della conferma finale dell\u2019ordine.<\/p>\n\n\n\n<p>I prezzi non comprendono eventuali spese doganali o tasse per le consegne in paesi diversi dalla Francia.<\/p>\n\n\n\n<p>Qualsiasi ordine effettuato su <strong>AGENCE YOU ARE ME<\/strong> e consegnato al di fuori della Francia metropolitana potr\u00e0 essere soggetto a tasse aggiuntive e dazi doganali che verranno applicati al momento della consegna del pacco. L\u2019acquirente riconosce di essere pienamente a conoscenza della normativa vigente nel proprio paese prima di ordinare su <strong>AGENCE YOU ARE ME<\/strong>. Tali tasse sono a carico dell\u2019acquirente e sono di sua esclusiva responsabilit\u00e0, sia in termini di dichiarazioni che di pagamenti alle autorit\u00e0 competenti del suo paese.<\/p>\n\n\n\n<h3 class=\"wp-block-heading\">Articolo 5: Pagamento<\/h3>\n\n\n\n<p>\u00c8 possibile effettuare il pagamento con carta di credito<\/p>\n\n\n\n<h3 class=\"wp-block-heading\">Articolo 6: Spedizione<\/h3>\n\n\n\n<p>Effettuiamo le consegne tramite mondospedizioni; i prodotti vengono spediti dall\u2019Italia.<\/p>\n\n\n\n<p>Gli articoli in magazzino vengono spediti entro 24-48 ore.<br>\nI tempi medi di spedizione sono indicati durante la conferma finale del Vostro ordine.<\/p>\n\n\n\n<p>Nel caso in cui abbiate qualsiasi dubbio circa lo stato o il contenuto del Vostro pacco, potete contattarci via email all\u2019indirizzo <a href=\"mailto:contact@agenceyouareme.com\">contact@agenceyouareme.com<\/a>, specificando il numero dell\u2019ordine.<\/p>\n\n\n\n<h3 class=\"wp-block-heading\">Articolo 8: Resi<\/h3>\n\n\n\n<p>Conforme agli Articoli L.120-20 e seguenti del Codice del Consumo, disponete di un termine di quattordici (14) giorni per esercitare il diritto di recesso senza necessit\u00e0 di fornire motivazioni n\u00e9 pagare penali. Tuttavia, le spese di restituzione sono a Vostro carico.<br>\nIn caso di consegna di un articolo non conforme al Vostro ordine o danneggiato durante la consegna, dovete contattarci al pi\u00f9 tardi il primo giorno lavorativo successivo al ricevimento, direttamente via email all\u2019indirizzo <a href=\"mailto:contact@agenceyouareme.com\">contact@agenceyouareme.com<\/a>.<br>\nVi indicheremo quindi le procedure da seguire in base al caso specifico. Se accettiamo di sostituire un prodotto danneggiato o non conforme al Vostro ordine, il prodotto sostitutivo Vi sar\u00e0 inviato al ricevimento del prodotto che non desiderate o non potete conservare.<\/p>\n\n\n\n<p>In caso di cambio, il\/i nuovo\/i articolo\/i saranno spediti entro i termini indicati sulle rispettive schede prodotto e le spese di spedizione saranno a carico di <strong>AGENCE YOU ARE ME<\/strong>.<br>\nIn caso di rimborso, in conformit\u00e0 all\u2019Articolo L.121-20-1 del Codice del Consumo, questo sar\u00e0 effettuato da <strong>AGENCE YOU ARE ME<\/strong> entro 30 giorni dal ricevimento del pacco e coprir\u00e0 l\u2019intero importo pagato dall\u2019acquirente (escluse le spese di spedizione).<br>\nIn caso di accredito, <strong>AGENCE YOU ARE ME<\/strong> fornir\u00e0 all\u2019acquirente un \u201ccodice negozio\u201d valido per 4 mesi dalla data di emissione, corrispondente all\u2019importo dell\u2019articolo (o degli articoli) restituito\/i.<br>\nSe l\u2019importo del nuovo articolo \u00e8 inferiore al valore dell\u2019accredito, <strong>AGENCE YOU ARE ME<\/strong><\/p>\n\n\n\n<h3 class=\"wp-block-heading\">Articolo 9: Garanzie<\/h3>\n\n\n\n<p>Benefici delle disposizioni della garanzia legale contro i vizi occulti.<br>\nTuttavia, <strong>AGENCE YOU ARE ME<\/strong> non pu\u00f2 essere ritenuta responsabile per prodotti difettosi ai sensi della Legge n\u00b0 98-389 del 19 maggio 1998, relativa ai prodotti venduti sul suo sito <a href=\"http:\/\/www.talons-oh.com\/\"><\/a><a href=\"https:\/\/agenceyouareme.com\/\">agenceyouareme.com<\/a>, in quanto essa agisce solo in qualit\u00e0 di rivenditore e non come produttore. Per questo motivo, in caso di richiesta di responsabilit\u00e0, Vi forniremo tutte le informazioni necessarie per il corretto svolgimento della procedura.<\/p>\n\n\n\n<h3 class=\"wp-block-heading\">Articolo 10: Utilizzo del Sito<\/h3>\n\n\n\n<p>In nessun caso siete autorizzati a scaricare, riprodurre, copiare, modificare, vendere o sfruttare in tutto o in parte il sito <a href=\"https:\/\/agenceyouareme.com\/\">agenceyouareme.com<\/a> senza la nostra esplicita autorizzazione scritta. Qualora lo facciate, vi esporreste a procedimenti legali.<\/p>\n\n\n\n<h3 class=\"wp-block-heading\">Articolo 11: Protezione dei Dati Personali<\/h3>\n\n\n\n<p>Ci impegniamo a proteggere i Vostri dati personali. Tutti i dati personali relativi a Voi che ci fornite vengono trattati con la massima riservatezza, in conformit\u00e0 alle disposizioni della Legge n\u00b0 78-17 del 6 gennaio 1978, relativa all\u2019informatica, agli archivi e alle libert\u00e0.<br>\nAvete il diritto di accedere, modificare, rettificare e cancellare le informazioni che Vi riguardano. Potete esercitare tali diritti contattandoci direttamente via email all\u2019indirizzo <a href=\"mailto:contact@agenceyouareme.com\">contact@agenceyouareme.com<\/a>.<\/p>\n\n\n\n<h3 class=\"wp-block-heading\">Articolo 12: Legge Applicabile e Foro Competente<\/h3>\n\n\n\n<p>Le presenti condizioni generali di vendita sono soggette alla legge francese.<br>\nQualsiasi controversia relativa alla formazione, all\u2019esecuzione e alla cessazione delle obbligazioni contrattuali tra Voi e Noi che non possa essere risolta in via amichevole sar\u00e0 sottoposta alla giurisdizione del Tribunale Commerciale di Arras.<\/p>\n","protected":false},"excerpt":{"rendered":"<p>Termini e Condizioni Generali di Vendita Articolo 1: Premessa Le presenti condizioni generali di vendita si applicano esclusivamente tra l\u2019entit\u00e0 denominata AGENCE YOU ARE ME (di seguito \u201cNoi\u201d) e ogni persona che visiti o effettui un acquisto (di seguito \u201cVoi\u201d) tramite il sito agenceyouareme.com. Poich\u00e9 le presenti condizioni generali di vendita possono subire modifiche, le [&hellip;]<\/p>\n","protected":false},"author":1,"featured_media":0,"parent":0,"menu_order":0,"comment_status":"closed","ping_status":"closed","template":"","meta":{"footnotes":""},"class_list":["post-2693","page","type-page","status-publish","hentry"],"_links":{"self":[{"href":"https:\/\/agenceyouareme.com\/it\/wp-json\/wp\/v2\/pages\/2693","targetHints":{"allow":["GET"]}}],"collection":[{"href":"https:\/\/agenceyouareme.com\/it\/wp-json\/wp\/v2\/pages"}],"about":[{"href":"https:\/\/agenceyouareme.com\/it\/wp-json\/wp\/v2\/types\/page"}],"author":[{"embeddable":true,"href":"https:\/\/agenceyouareme.com\/it\/wp-json\/wp\/v2\/users\/1"}],"replies":[{"embeddable":true,"href":"https:\/\/agenceyouareme.com\/it\/wp-json\/wp\/v2\/comments?post=2693"}],"version-history":[{"count":0,"href":"https:\/\/agenceyouareme.com\/it\/wp-json\/wp\/v2\/pages\/2693\/revisions"}],"wp:attachment":[{"href":"https:\/\/agenceyouareme.com\/it\/wp-json\/wp\/v2\/media?parent=2693"}],"curies":[{"name":"wp","href":"https:\/\/api.w.org\/{rel}","templated":true}]}}