{"id":2550,"date":"2025-06-13T17:05:33","date_gmt":"2025-06-13T15:05:33","guid":{"rendered":"https:\/\/agenceyouareme.com\/?post_type=product&#038;p=2550"},"modified":"2025-07-29T22:20:43","modified_gmt":"2025-07-29T20:20:43","slug":"wu-wei","status":"publish","type":"product","link":"https:\/\/agenceyouareme.com\/it\/prodotto\/wu-wei\/","title":{"rendered":"Wu wei"},"content":{"rendered":"Assicurati di posizionare la tua candela su una superficie resistente al calore prima di accenderla.<br>\nLa candela dovrebbe restare accesa almeno per un tempo sufficiente a far s\u00ec che lo strato superiore si sciolga completamente cos\u00ec da evitare la formazione di un cratere centrale.<br>\nPer evitare che la fiamma diventi troppo alta e che lo stoppino possa scivolare lateralmente nella cera fusa \u00e8 opportuno non tenere accesa la candela per pi\u00f9 di 3 ore consecutive.<br>\nSpegni correttamente la candela.<br>\nNon soffiare! Potresti causare pericolosi schizzi di cera. Puoi spegnere la candela soffocando la fiamma: senza ossigeno la candela si spegner\u00e0 rapidamente.<br>\nIl metodo ideale sarebbe quello di immergere lo stoppino nella cera liquida aiutandosi con la punta delle forbici o una pinzetta e poi riportarlo in posizione verticale.<br>\nCos\u00ec facendo non si generano fumi e lo stoppino rimane ben incerato e pronto per la successiva accensione.<br>\nTenere fuori dalla portata dei bambini.\n","protected":false},"excerpt":{"rendered":"[wpml-string context=\"agenceyouareme\" name=\"description-bougie-courte2\"]Inspir\u00e9s par la psychologie transpersonnelle, la philosophie advaita et l&#8217;art conceptuel, l&#8217;agence de d\u00e9veloppement personnel You are me (<a href=\"https:\/\/agenceyouareme.com\/\">www.agenceyouareme.com<\/a>) et la marque des Pouilles Infinitelyricarica pr\u00e9sentent des \u00ab objets conscients \u00bb.<br \/>\nCe concept est v\u00e9hicul\u00e9 \u00e0 travers chaque cr\u00e9ation en termes de durabilit\u00e9 dans la conception, la r\u00e9alisation et l&#8217;\u00e9limination durable du produit.<br \/>\nSans aucune pr\u00e9tention \u00e0 changer le monde ou m\u00eame \u00e0 l&#8217;am\u00e9liorer, mais simplement en l&#8217;aimant et en l&#8217;acceptant tel qu&#8217;il est, en apportant notre amour \u00e0 la vie et \u00e0 sa jouissance, avec plaisir et gratitude.<br \/>\nEn collaboration avec Handmade Soaps Salento et gr\u00e2ce \u00e0 eux, nous vous pr\u00e9sentons cette bougie artisanale.<br \/>\nIl s&#8217;agit d&#8217;une bougie en cire de soja pure, coul\u00e9e \u00e0 la main dans l&#8217;atelier artisanal de San Foca, au c\u0153ur du Salento (Pouilles) (Italie).<br \/>\nLa bougie a une combustion propre et une longue dur\u00e9e de vie, et ne lib\u00e8re pas de substances toxiques car elle est 100% naturelle.<br \/>\nLa m\u00e8che utilis\u00e9e est en pur coton.[\/wpml-string]\n","protected":false},"featured_media":2225,"template":"","meta":[],"product_brand":[],"product_cat":[75],"product_tag":[],"class_list":{"0":"post-2550","1":"product","2":"type-product","3":"status-publish","4":"has-post-thumbnail","6":"product_cat-bougies","8":"first","9":"instock","10":"taxable","11":"shipping-taxable","12":"purchasable","13":"product-type-simple"},"_links":{"self":[{"href":"https:\/\/agenceyouareme.com\/it\/wp-json\/wp\/v2\/product\/2550","targetHints":{"allow":["GET"]}}],"collection":[{"href":"https:\/\/agenceyouareme.com\/it\/wp-json\/wp\/v2\/product"}],"about":[{"href":"https:\/\/agenceyouareme.com\/it\/wp-json\/wp\/v2\/types\/product"}],"wp:featuredmedia":[{"embeddable":true,"href":"https:\/\/agenceyouareme.com\/it\/wp-json\/wp\/v2\/media\/2225"}],"wp:attachment":[{"href":"https:\/\/agenceyouareme.com\/it\/wp-json\/wp\/v2\/media?parent=2550"}],"wp:term":[{"taxonomy":"product_brand","embeddable":true,"href":"https:\/\/agenceyouareme.com\/it\/wp-json\/wp\/v2\/product_brand?post=2550"},{"taxonomy":"product_cat","embeddable":true,"href":"https:\/\/agenceyouareme.com\/it\/wp-json\/wp\/v2\/product_cat?post=2550"},{"taxonomy":"product_tag","embeddable":true,"href":"https:\/\/agenceyouareme.com\/it\/wp-json\/wp\/v2\/product_tag?post=2550"}],"curies":[{"name":"wp","href":"https:\/\/api.w.org\/{rel}","templated":true}]}}