{"id":2570,"date":"2025-06-13T17:14:58","date_gmt":"2025-06-13T15:14:58","guid":{"rendered":"https:\/\/agenceyouareme.com\/?post_type=product&#038;p=2570"},"modified":"2025-07-29T22:06:24","modified_gmt":"2025-07-29T20:06:24","slug":"setting-limits-is-love","status":"publish","type":"product","link":"https:\/\/agenceyouareme.com\/it\/prodotto\/setting-limits-is-love\/","title":{"rendered":"Setting limits is love"},"content":{"rendered":"","protected":false},"excerpt":{"rendered":"[wpml-string context=\"agenceyouareme\" name=\"description-assiette-courte4\"]Inspir\u00e9s par la psychologie transpersonnelle, la philosophie advaita et l&#8217;art conceptuel, l&#8217;agence de d\u00e9veloppement personnel You are me (<a href=\"https:\/\/agenceyouareme.com\/\">www.agenceyouareme.com<\/a>) et la marque des Pouilles Infinitelyricarica pr\u00e9sentent des \u00ab objets conscients \u00bb.<br \/>\nCe concept est v\u00e9hicul\u00e9 \u00e0 travers chaque cr\u00e9ation en termes de durabilit\u00e9 dans la conception, la r\u00e9alisation et l&#8217;\u00e9limination durable du produit.<br \/>\nSans aucune pr\u00e9tention \u00e0 changer le monde ou m\u00eame \u00e0 l&#8217;am\u00e9liorer, mais simplement en l&#8217;aimant et en l&#8217;acceptant tel qu&#8217;il est, en apportant notre amour \u00e0 la vie et \u00e0 sa jouissance, avec plaisir et gratitude.<br \/>\nVoici nos plats. Les assiettes sont r\u00e9alis\u00e9es en terre cuite des Pouilles et \u00e9maill\u00e9es selon des techniques traditionnelles avec des \u00e9maux certifi\u00e9s adapt\u00e9s \u00e0 la restauration et \u00e0 l&#8217;alimentation.<br \/>\nL&#8217;impression des lettres est r\u00e9alis\u00e9e avec la technique de la d\u00e9calcomanie en utilisant des encres c\u00e9ramiques non toxiques et sans plomb.<br \/>\nL&#8217;application de la d\u00e9calcomanie se fait strictement \u00e0 la main, apr\u00e8s quoi les plaques sont recuites dans le four.<br \/>\nCe processus, appel\u00e9 troisi\u00e8me cuisson, permet aux encres c\u00e9ramiques de fusionner avec l&#8217;\u00e9mail blanc, cr\u00e9ant ainsi un tout avec la plaque.<br \/>\nL&#8217;assiette est ainsi r\u00e9sistante \u00e0 la cisaille et \u00e0 la chaleur et certifi\u00e9e pour 500 lavages au lave-vaisselle.<br \/>\nTous les processus, du biscuit de l&#8217;assiette \u00e0 la d\u00e9calcomanie en passant par l&#8217;\u00e9maillage, sont r\u00e9alis\u00e9s en Italie (Grottaglie).[\/wpml-string]\n","protected":false},"featured_media":2464,"template":"","meta":[],"product_brand":[],"product_cat":[79],"product_tag":[],"class_list":{"0":"post-2570","1":"product","2":"type-product","3":"status-publish","4":"has-post-thumbnail","6":"product_cat-assiettes","8":"first","9":"instock","10":"taxable","11":"shipping-taxable","12":"purchasable","13":"product-type-simple"},"_links":{"self":[{"href":"https:\/\/agenceyouareme.com\/it\/wp-json\/wp\/v2\/product\/2570","targetHints":{"allow":["GET"]}}],"collection":[{"href":"https:\/\/agenceyouareme.com\/it\/wp-json\/wp\/v2\/product"}],"about":[{"href":"https:\/\/agenceyouareme.com\/it\/wp-json\/wp\/v2\/types\/product"}],"wp:featuredmedia":[{"embeddable":true,"href":"https:\/\/agenceyouareme.com\/it\/wp-json\/wp\/v2\/media\/2464"}],"wp:attachment":[{"href":"https:\/\/agenceyouareme.com\/it\/wp-json\/wp\/v2\/media?parent=2570"}],"wp:term":[{"taxonomy":"product_brand","embeddable":true,"href":"https:\/\/agenceyouareme.com\/it\/wp-json\/wp\/v2\/product_brand?post=2570"},{"taxonomy":"product_cat","embeddable":true,"href":"https:\/\/agenceyouareme.com\/it\/wp-json\/wp\/v2\/product_cat?post=2570"},{"taxonomy":"product_tag","embeddable":true,"href":"https:\/\/agenceyouareme.com\/it\/wp-json\/wp\/v2\/product_tag?post=2570"}],"curies":[{"name":"wp","href":"https:\/\/api.w.org\/{rel}","templated":true}]}}